{"id":16,"date":"2020-11-16T16:39:49","date_gmt":"2020-11-16T16:39:49","guid":{"rendered":"http:\/\/kirchenbauludwig.de\/?page_id=16"},"modified":"2021-01-24T18:43:38","modified_gmt":"2021-01-24T18:43:38","slug":"publikationen","status":"publish","type":"page","link":"https:\/\/kirchenbauludwig.de\/?page_id=16","title":{"rendered":"Publikationen"},"content":{"rendered":"\n<p>Die Bibliografie von Dr. Matthias Ludwig ist sehr umfangreich. F\u00fcr eine gr\u00f6\u00dfere \u00dcbersicht nutzen Sie bitte den Download der pdf-Datei.<\/p>\n\n\n\n<figure class=\"wp-block-image\"><img loading=\"lazy\" decoding=\"async\" width=\"43\" height=\"47\" src=\"https:\/\/kirchenbauludwig.de\/wp-content\/uploads\/2020\/11\/PDF-Logo.png\" alt=\"\" class=\"wp-image-40\"\/><figcaption><a href=\"https:\/\/kirchenbauludwig.de\/wp-content\/uploads\/2021\/01\/\u00dcbersicht-Publikationen-Matthias-Ludwig.pdf\" target=\"_blank\" rel=\"noreferrer noopener\" aria-label=\" (\u00f6ffnet in neuem Tab)\">Bibliografie<\/a><\/figcaption><\/figure>\n\n\n\n<hr class=\"wp-block-separator\"\/>\n\n\n\n<p style=\"color:#443188\" class=\"has-text-color\">RELIGI\u00d6SES BAUEN ALLGEMEIN<\/p>\n\n\n\n<ul><li>Kunst \u2013 Raum \u2013 Kirche. Eine Festschrift f\u00fcr Horst Schwebel zum 65. Geburtstag, Lautertal 2005 (Herausgeber)<\/li><li>Religion und Raum (<a href=\"http:\/\/www.theomag.de\/42\/index.htm\">T\u00e0 katoptriz\u00f3mena. Magazin f\u00fcr Theologie und \u00c4sthetik 8, Heft 42), Hagen\/Westf. 2006<\/a> (Redaktion mit Andreas Mertin)<\/li><li>Synagogen: Zukunft aus der Vergangenheit (Kunst und Kirche 64, Heft 4), Darmstadt 2001 (Redaktion)<\/li><li>Zwischen Tradition und Innovation \u2013 Die Dreifaltigkeitskirche in Speyer im werdenden protestantischen Kirchenbau (S\u00fcdwestdeutschlands), in: Christiane Brodersen\/Klaus B\u00fcmlein\/Christine Lauer (Hg.): Dreihundert Jahre Dreifaltigkeitskirche Speyer (Ver\u00f6ffentlichungen des Vereins f\u00fcr Pf\u00e4lzische Kirchengeschichte 33), Ludwigshafen am Rhein und Speyer 2017, 143-162<\/li><\/ul>\n\n\n\n<hr class=\"wp-block-separator\"\/>\n\n\n\n<p style=\"color:#443188\" class=\"has-text-color\">MODERNER UND AKTUELLER KIRCHENBAU<\/p>\n\n\n\n<ul><li>Gottes neue H\u00e4user. Kirchenbau des 21. Jahrhunderts in Deutschland, Frankfurt am Main 2007 (mit Reinhard Mawick)<\/li><li>\u201e&#8230; viele kleine Kirchen\u201c. Das Kapellenbauprogramm der 1960er Jahre in Schleswig-Holstein (Beitr\u00e4ge zur Denkmalpflege in Schleswig-Holstein 2), Kiel 2011<\/li><li>Gef\u00e4hrdete Moderne. \u00dcberlegungen zur k\u00fcnftigen Nutzung und Verwendung brachfallender Kirchengeb\u00e4ude, in: Henner Herrmanns\/Ludwig Tavernier (Hg.): Das letzte Abendmahl. Umnutzung, Verkauf und Abriss von Kirchengeb\u00e4uden in Deutschland (studies in european culture 6), Weimar 2008, 105-124<\/li><li>Zwischen \u201esakral\u201c und \u201emultifunktional\u201c \u2013 Begutachtung zweier evangelischer Gemeindezentren in Schleswig-Holstein, in: DenkMal! Zeitschrift f\u00fcr Denkmalpflege in Schleswig-Holstein 22 (2015), 127-150<\/li><\/ul>\n\n\n\n<hr class=\"wp-block-separator\"\/>\n\n\n\n<p style=\"color:#443188\" class=\"has-text-color\">NUTZUNG UND ERHALTUNG<\/p>\n\n\n\n<ul><li>Kirchen in der Stadt, Band 1 \u2013 Erfahrungen und Perspektiven, Band 2 \u2013 Beispiele und Modelle (Schriften des Instituts f\u00fcr Kirchenbau und kirchliche Kunst der Gegenwart an der Philipps-Universit\u00e4t Marburg\/Lahn \u2013 A.1 + A.2), Marburg\/Lahn 1994\/96 (Herausgegeben mit Horst Schwebel)<\/li><li>Kirchen: Zwischen Nutzung und Umnutzung (Kunst und Kirche 67, Heft 3), Darmstadt 2004 (Redaktion)<\/li><li>Die kulturelle Nutzung von Kirchenr\u00e4umen (T\u00e0 katoptriz\u00f3mena. Magazin f\u00fcr Theologie und \u00c4sthetik 4, Heft 16), Hagen\/Westf. 2002 = <a href=\"http:\/\/www.theomag.de\/16\/\">http:\/\/www.theomag.de<\/a>\/<a href=\"http:\/\/www.theomag.de\/16\/\">16\/<\/a> (Redaktion mit Andreas Mertin)<\/li><li>\u201eVergangenheit, Gegenwart und Zukunft &#8230;\u201c. Texte zur Erhaltung und Nutzung von Kirchengeb\u00e4uden (Kirchliches Jahrbuch f\u00fcr die Evangelische Kirche in Deutschland 130, 2003, 2), G\u00fctersloh 2006 (mit Horst Schwebel)<\/li><li>Ambitioniert \u2013 und hoffnungsvoll \u2026 Aktuelle Kirchenerneuerungen im Bistum Fulda, in: das m\u00fcnster 69 (2016, Sonderheft Bistum Fulda), 332-339<\/li><\/ul>\n\n\n\n<hr class=\"wp-block-separator\"\/>\n\n\n\n<p style=\"color:#443188\" class=\"has-text-color\">KONZEPTE UND STRATEGIEN<\/p>\n\n\n\n<ul><li>Rettung von Kirchen durch Mischnutzung? Dorfkirchen und Dorfleben im Aufbruch \u2013 Modelle und Beispiele zur Belebung kirchlichen und d\u00f6rflichen Lebens (Hofgeismarer Vortr\u00e4ge 14), Hofgeismar 1999<\/li><li>Im Prozess. Beratung und Moderation in der Neu-Nutzung von Kirchengeb\u00e4uden, in: Angelika Nollert u.a. (Hg.): Kirchenbauten in der Gegenwart. Architektur zwischen Sakralit\u00e4t und sozialer Wirklichkeit, Regensburg 2011, 216-224<\/li><li>Interview mit Dr. Matthias Ludwig \u00fcber die Prozessgestaltung, in: Annemarie Vo\u00df: Moderne Nachkriegskirchen. Potentiale entdecken. Perspektiven schaffen. Eine Studie am Beispiel der Zw\u00f6lf-Apostel-Kirche in Hildesheim (Schriftenreihe Bau- und Immobilienmanagement 33), Weimar 2018, 100-123<\/li><\/ul>\n\n\n\n<hr class=\"wp-block-separator\"\/>\n\n\n\n<p style=\"color:#443188\" class=\"has-text-color\">KUNST UND GESTALTUNG<\/p>\n\n\n\n<ul><li>Textile Fassade. Neugestaltung der Kirche Mari\u00e4 Schutz auf der Vogelsburg durch SEQ7 SequenzSieben Architekten, W\u00fcrzburg, in: Kunst und Kirche 82,2 (2019), 52f.<\/li><li>Offen und flexibel &#8230; Neue Altarraumgestaltung Matth\u00e4uskirche Hamburg-Winterhude \u2013 K\u00fcnstlerin Annette Streyl, Hamburg, in: Kunst und Kirche 83,3 (2020) \u2013 erscheint in K\u00fcrze<\/li><\/ul>\n\n\n\n<hr class=\"wp-block-separator\"\/>\n\n\n\n<p style=\"color:#443188\" class=\"has-text-color\">ABSEITS \u2013 NICHT ABSEITIG<\/p>\n\n\n\n<ul><li><strong>\u201e<\/strong>Es war ein Akt der Befreiung\u201c \/ \u201cIt was an act of liberation\u201c. Der Plakatk\u00fcnstler Klaus Staeck \u00fcber eine halbe Villa und eine ganz gro\u00dfe Idee &#8230;, in: Karin Berkemann\/Daniel Bartetzko (Hg.): m\u00e4rklinMODERNE. Vom Bau zum Bausatz und zur\u00fcck (Ausstellungskatalog moderneRegional\/Deutsches Architekturmuseum), Berlin 2018, 46-50<\/li><li>Hochhaus \/ High-Rise, in: Ebd., 70-75<\/li><\/ul>\n","protected":false},"excerpt":{"rendered":"<p>Die Bibliografie von Dr. Matthias Ludwig ist sehr umfangreich. F\u00fcr eine gr\u00f6\u00dfere \u00dcbersicht nutzen Sie bitte den Download der pdf-Datei. RELIGI\u00d6SES BAUEN ALLGEMEIN Kunst \u2013 Raum \u2013 Kirche. Eine Festschrift f\u00fcr Horst Schwebel zum 65. Geburtstag, Lautertal 2005 (Herausgeber) Religion und Raum (T\u00e0 katoptriz\u00f3mena. Magazin f\u00fcr Theologie und \u00c4sthetik 8, Heft 42), Hagen\/Westf. 2006 (Redaktion &hellip; <\/p>\n<p class=\"link-more\"><a href=\"https:\/\/kirchenbauludwig.de\/?page_id=16\" class=\"more-link\"><span class=\"screen-reader-text\">\u201ePublikationen\u201c<\/span> weiterlesen<\/a><\/p>\n","protected":false},"author":1,"featured_media":8,"parent":0,"menu_order":0,"comment_status":"closed","ping_status":"closed","template":"","meta":{"footnotes":""},"_links":{"self":[{"href":"https:\/\/kirchenbauludwig.de\/index.php?rest_route=\/wp\/v2\/pages\/16"}],"collection":[{"href":"https:\/\/kirchenbauludwig.de\/index.php?rest_route=\/wp\/v2\/pages"}],"about":[{"href":"https:\/\/kirchenbauludwig.de\/index.php?rest_route=\/wp\/v2\/types\/page"}],"author":[{"embeddable":true,"href":"https:\/\/kirchenbauludwig.de\/index.php?rest_route=\/wp\/v2\/users\/1"}],"replies":[{"embeddable":true,"href":"https:\/\/kirchenbauludwig.de\/index.php?rest_route=%2Fwp%2Fv2%2Fcomments&post=16"}],"version-history":[{"count":8,"href":"https:\/\/kirchenbauludwig.de\/index.php?rest_route=\/wp\/v2\/pages\/16\/revisions"}],"predecessor-version":[{"id":105,"href":"https:\/\/kirchenbauludwig.de\/index.php?rest_route=\/wp\/v2\/pages\/16\/revisions\/105"}],"wp:featuredmedia":[{"embeddable":true,"href":"https:\/\/kirchenbauludwig.de\/index.php?rest_route=\/wp\/v2\/media\/8"}],"wp:attachment":[{"href":"https:\/\/kirchenbauludwig.de\/index.php?rest_route=%2Fwp%2Fv2%2Fmedia&parent=16"}],"curies":[{"name":"wp","href":"https:\/\/api.w.org\/{rel}","templated":true}]}}